{"id":3789,"date":"2020-01-10T14:40:58","date_gmt":"2020-01-10T14:40:58","guid":{"rendered":"https:\/\/podcast.rs\/?page_id=3789"},"modified":"2020-05-26T13:42:19","modified_gmt":"2020-05-26T12:42:19","slug":"uslovi-privatnosti","status":"publish","type":"page","link":"https:\/\/podcast.rs\/en\/uslovi-privatnosti\/","title":{"rendered":"Uslovi privatnosti"},"content":{"rendered":"<div data-elementor-type=\"wp-post\" data-elementor-id=\"3789\" class=\"elementor elementor-3789\" data-elementor-post-type=\"page\">\n\t\t\t\t\t\t<section class=\"elementor-section elementor-top-section elementor-element elementor-element-6a9cf24 elementor-section-boxed elementor-section-height-default elementor-section-height-default\" data-id=\"6a9cf24\" data-element_type=\"section\" data-e-type=\"section\">\n\t\t\t\t\t\t<div class=\"elementor-container elementor-column-gap-default\">\n\t\t\t\t\t<div class=\"elementor-column elementor-col-100 elementor-top-column elementor-element elementor-element-e46e062\" data-id=\"e46e062\" data-element_type=\"column\" data-e-type=\"column\">\n\t\t\t<div class=\"elementor-widget-wrap elementor-element-populated\">\n\t\t\t\t\t\t<div class=\"elementor-element elementor-element-0a51bc4 elementor-widget elementor-widget-heading\" data-id=\"0a51bc4\" data-element_type=\"widget\" data-e-type=\"widget\" data-widget_type=\"heading.default\">\n\t\t\t\t<div class=\"elementor-widget-container\">\n\t\t\t\t\t<h2 class=\"elementor-heading-title elementor-size-default\">Politika privatnosti web portala Podcast.rs<\/h2>\t\t\t\t<\/div>\n\t\t\t\t<\/div>\n\t\t\t\t<div class=\"elementor-element elementor-element-71a632d elementor-widget elementor-widget-spacer\" data-id=\"71a632d\" data-element_type=\"widget\" data-e-type=\"widget\" data-widget_type=\"spacer.default\">\n\t\t\t\t<div class=\"elementor-widget-container\">\n\t\t\t\t\t\t\t<div class=\"elementor-spacer\">\n\t\t\t<div class=\"elementor-spacer-inner\"><\/div>\n\t\t<\/div>\n\t\t\t\t\t\t<\/div>\n\t\t\t\t<\/div>\n\t\t\t\t<div class=\"elementor-element elementor-element-0fd7610 elementor-widget elementor-widget-text-editor\" data-id=\"0fd7610\" data-element_type=\"widget\" data-e-type=\"widget\" data-widget_type=\"text-editor.default\">\n\t\t\t\t<div class=\"elementor-widget-container\">\n\t\t\t\t\t\t\t\t\t<p><b>1. Uvodne odredbe<\/b><\/p><p>Ovom Politikom privatnosti ure\u0111uje se prikupljanje i obrada podataka u okviru web portala Podcast.rs.<br \/>Izrazi upotrebljeni u okviru ove Politike imaju zna\u010denja propisana va\u017ee\u0107im Zakonom o za\u0161titi podataka o li\u010dnosti ((&#8222;Sl. glasnik RS&#8220;, br. 87\/2018), u daljem tekstu: ZZPL), a u slu\u010daju potrebe i drugim zakonima koji ure\u0111uju specifi\u010dne odnose, pojave, pojmove i njihovo zna\u010denje.<\/p><p>Uno\u0161enjem podataka u za to predvi\u0111eni formular na web portalu Podcast.rs smatra\u0107e se da ste pro\u010ditali ovu Politiku privatnosti, da ste se upoznali sa svim njenim odredbama i da je bez ikakvih primedbi, prigovora i rezervi prihvatate.<\/p><p>Informacije koje su vezane za li\u010dne podatke koji se prikupljaju i obra\u0111uju za potrebe izvr\u0161enja pla\u0107anja elektronskim putem, posredstvom platforme WSpay, date su u odgovaraju\u0107em odeljku u okviru \u201cPravila kori\u0161\u0107enja\u201d, a kojima se mo\u017ee pristupiti preko naslovne internet stranice platforme Podcast.rs<\/p><p>\u0160trikliranjem checkbox-a, odnosno klikom na dugme \u201cPrihvatam\u201d u <em>pop-up <\/em>prozoru koji se novim korisnicima web portala Podcast.rs prikazuje prilikom prve posete internet stranici, smatra\u0107e se aktivnom, voljno u\u010dinjenom radnjom u cilju konstituisanja va\u017ee\u0107eg pravnog osnova za prikupljanje i obradu podataka na na\u010dine u svrhe opisane u ovoj Politici privatnosti. Rukovalac (web portal Podcast.rs) bi\u0107e u mogu\u0107nosti da doka\u017ee, putem elektronskog zapisa (<em>log), <\/em>da je lice na koje se podaci odnose u\u010dinilo pomenutu aktivnu, voljnu radnju kojom je potvrdilo da je upoznato i da se sla\u017ee sa ovom Politikom privatnosti.<\/p><p>Navedeni elektronski zapis<em>(log) <\/em>smatra\u0107e se pravno valjanim i dovoljnim dokazom o datoj saglasnosti, u smislu \u010dlana 15 stav 1 ZZPL.<\/p><p>Ova Politika privatnosti mo\u017ee biti izmenjena u bilo koje vreme, s tim da \u0107e se u\u010dinjena promena vidno predo\u010diti na naslovnoj stranici web portala Podcast.rs. U tom slu\u010daju, od lica na koja se podaci odnose zatra\u017ei\u0107e se da daju novu saglasnost za obradu li\u010dnih podataka, shodno u\u010dinjenim izmenama ove Politike privatnosti.<\/p><p>Pravila koja reguli\u0161u prikupljanje li\u010dnih podataka putem Kola\u010di\u0107a (Cookies), bi\u0107e predstavljena, u okviru ove Politike privatnosti. Pravila koja se odnose na davanje saglasnosti na Politiku privatnosti u okviru predvi\u0111enog <em>pop-up <\/em>prozora, kao i \u010duvanje i dokazna forma i snaga elektronskog zapisa <em>(log), <\/em>ali i na\u010din izmene i obave\u0161tavanja lica na koja se podaci odnose o u\u010dinjenim izmenama, u potpunosti \u0107e se primenjivati i na upotrebljene Kola\u010di\u0107e.<\/p><p>Za sva dodatna pitanja koja se odnose na pravila i odredbe ove Politike privatnosti, mo\u017eete se obratiti na mejl adresu: team@podcast.rs<\/p><p><strong>2. Pravni osnov obrade li\u010dnih podataka<\/strong><\/p><p>Pravni osnov obrade li\u010dnih podataka predstavlja <strong>slobodna i informisana saglasnost <\/strong>lica na koja se podaci odnose, odnosno njihov pristanak za svrhe odre\u0111ene u ovoj Politici privatnosti, u skladu sa \u010dlanom 12 stav 1 ZZPL.<\/p><p>U posebnim situacijama, prikupljanje i obrada li\u010dnih podataka mo\u017ee biti neophodna u cilju <strong>ostvarivanja legitimnih interesa rukovaoca, ili tre\u0107e strane<\/strong>, pod uslovima i u skladu sa \u010dlanom 15 stav 6 ZZPL.<\/p><p>Pre prikupljanja i obrade li\u010dnih podataka lica na koja se podaci odnose na osnovu legitimnih interesa rukovaoca, ili tre\u0107e strane, ukoliko do toga do\u0111e, u skladu sa \u010dlanom 15 stav 6 ZZPL rukovalac \u0107e sprovesti procenu legitimnog interesa na osnovu tripartitnog testa:<\/p><ol><li>Test svrhe (identifikovanje legitimnog interesa);<\/li><li>Test neophodnosti (da li je obrada podataka neophodna);<\/li><li>Test balansiranja (odmeravanja legitimnih interesa rukovaoca i lica na koja se podaci odnose).<\/li><\/ol><p><b><br \/>3. Svrha prikupljanja i obrade li\u010dnih podataka<\/b><\/p><p>Svrha prikupljanja i obrade li\u010dnih podataka je komunikacija sa posetiocima web portala Podcast.rs. Podaci se prikupljaju samo u situacijama kada korisnik inicira komunikaciju ka web portalu Podcast.rs, odnosno kada unese svoju e-mejl adresu u za to predvi\u0111en prozor, a u cilju dobijanja newsletter-a, ili drugih obave\u0161tenja (uz potencijalni izuzetak Cookies-a u skladu sa odabirom korisnika). U slu\u010daju obrade podataka u druge svrhe, od korisnika \u0107e biti zatra\u017eena posebna saglasnost, u skladu sa zakonom<\/p><p><b>4. Neophodne<\/b> <strong>informacije<\/strong><\/p><p>U skladu sa \u010dlanom 23 ZZPL, na ovom mestu navedene su neophodne propisane informacije koje se moraju pru\u017eiti licima \u2013 korisnicima web portala Podcast.rs:<\/p><p>a) Rukovaocem podataka o licima na koje se prikupljeni podaci odnose smatra se rukovodstvo web portala Podcast.rs. Kontakt podaci Rukovaoca dostupni su na internet stranici i na po\u010detku ove Politike privatnosti.<\/p><p>b) Posebno imenovano Lice za za\u0161titu podataka o li\u010dnosti u okviru web portala Podcast.rs nije odre\u0111eno.<\/p><p>c) Svrha nameravane obrade i pravni osnov za obradu navedeni su pod ta\u010dkama i 3. Ove Politike privatnosti.<\/p><p>d) Prikupljanje i obrada li\u010dnih podataka lica na koja se podaci odnose na osnovu legitimnog interesa rukovaoca, ili tre\u0107e strane ukoliko do toga do\u0111e, postoja\u0107e samo pod uslovima propisanim u ta\u010dki 2 .ove Politike privatnosti.<\/p><p>e) Osim<\/p><p>Tako\u0111e, mejl adrese posetilaca koji su zainteresovani za dobijanje newslettera, dostupni su platformi Mailchimp Subscribe, preko koje se ova usluga pru\u017ea. Sa pravilima o \u010duvanju li\u010dnih podataka Mailchimp Subscribe-a, koja se u tom slu\u010daju primenjuju pored onih propisanih u ovoj Politici privatnosti, mo\u017eete se upoznati na linku: <a href=\"https:\/\/mailchimp.com\/legal\/\">https:\/\/mailchimp.com\/legal\/<\/a>, odnosno <a href=\"https:\/\/mailchimp.com\/about\/security\/\">https:\/\/mailchimp.com\/about\/security\/<\/a>.<\/p><p>Postojanje drugih potencijalnih primalaca podataka, po potrebi, bi\u0107e dodatno poja\u0161njeno u Politici kola\u010di\u0107a<\/p><p>g) Rok \u010duvanja podataka prikupljenih od strane web portala Podcast.rs ograni\u010den je svrhom za koju su ti podaci prikupljeni. Podaci o komunikaciji \u010duvaju se za potrebe sprovo\u0111enja poslovnih aktivnosti sa kojima je lice na koje se podaci odnose upoznato, radi izvr\u0161enja zakonom propisanih obaveza Rukovaoca (gde je to primenljivo), odnosno za druge legitimne svrhe i potrebe Rukovaoca, dok za tim postoji potreba.<\/p><p>Podaci o li\u010dnosti bri\u0161u se kada lice izri\u010dito povu\u010de saglasnost koju je dao za obradu svojih li\u010dnih podataka, gde je to primenljivo, odnosno najkasnije u roku od 1 od prestanka postojanja svrhe za koju su podaci prikupljeni, odnosno neophodnih prate\u0107ih aktivnosti.<\/p><p>U slu\u010daju \u010duvanja podataka za newsletter, svrha prikupljanja podataka je da se licima kontinuirano \u0161alju obave\u0161tenja i novosti koje su sami zahtevali. Iz tog razloga, li\u010dni podaci \u010duva\u0107e se do povla\u010denja date saglasnosti lica na koje se podaci odnose, odnosno do proteka perioda od najvi\u0161e 3 , radi okon\u010danja svih prate\u0107ih aktivnosti i fakti\u010dkog brisanja podataka.<\/p><p>Prikupljeni podaci mogu se dalje obra\u0111ivati u skladu sa odredbama ZZPL koje ure\u0111uju obradu li\u010dnih podataka u svrhe arhiviranja u javnom interesu, u svrhe nau\u010dnog ili istorijskog istra\u017eivanja, kao i u statisti\u010dke svrhe, u anonimizovanoj formi, kada individualno odre\u0111eno fizi\u010dko lice nije vi\u0161e mogu\u0107e identifikovati.<\/p><p>h) Lica na koje se podaci odnose zadr\u017eavaju pravo da od rukovaoca zahtevaju pristup, ispravku ili brisanje njihovih podataka o li\u010dnosti, odnosno prava na ograni\u010denje obrade, prava na prigovor i prenosivost podataka. Isto va\u017ei i za situacije koje se odnose na pravo na opoziv pristanka za prikupljanje i obradu li\u010dnih podataka lica na koje se podaci odnose.<\/p><p>i) Ukoliko lice na koje se podaci odnose smatra da su mu bilo koja prava zagarantovana va\u017ee\u0107im ZZPL povre\u0111ena, mo\u017ee se obratiti Povereniku za informacije od javnog zna\u010daja i za\u0161titu podataka o li\u010dnosti, Bulevar kralja Aleksandra 15, 11120 Beograd.<\/p><p>j) Davanje podataka o li\u010dnosti web portal Podcast.rs nije ugovorna, niti zakonska obaveza lica na koje se podaci odnose. Lice nije du\u017eno da ostavlja svoje li\u010dne podatke i za to ne mo\u017ee trpeti nikakve posledice. Ipak, ukoliko mu je namera da sa web portalom Podcast.rs komunicira sredstvima elektronskih komunikacija, takva komunikacija mu mo\u017ee biti ote\u017eana, ili onemogu\u0107ena usled objektivne nemogu\u0107nosti ostvarivanja dvosmerne komunikacije na ovakav na\u010din.<\/p><p>k) Web portal Podcast.rs ne koristi automatizovanu obradu podataka, niti profilisanje lica na koja se podaci odnose.<\/p><p>Ova politika privatnosti poslednji put je izmenjena <strong>26.12.2019. <\/strong>u Beogradu.<\/p><p><strong>Politika<\/strong> <strong>kola<\/strong><strong>\u010d<\/strong><strong>i<\/strong><strong>\u0107<\/strong><strong>a<\/strong> <strong>web<\/strong> <strong>portala<\/strong> <strong>Podcast<\/strong><strong>.<\/strong><strong>rs<\/strong><\/p><p><strong>Napomena:<br \/><\/strong><strong><br \/>1. O Politici kola\u010di\u0107a<\/strong><\/p><p>Ova Politika kola\u010dic\u0301a (\u201ePolitika\u201c) odnosi se na internet stranicu kojom upravlja web portal Podcast.rs ili je na drugi na\u010din obezbe\u0111uje. Pristupom i kori\u0161c\u0301enjem internet stranice web portala Podcast.rs pristajete na upotrebu kola\u010dic\u0301a, na na\u010din opisan u ovoj Politici.<\/p><p>Web portal Podcast.rs izri\u010dito zadr\u017eava pravo da povremeno menja ovu Politiku. Ako postoje bilo kakve zna\u010dajne izmene u ovoj Politici, korisnici \u0107e biti obave\u0161teni putem internet stranice Podcast.rs. Preporu\u010dujemo vam da periodi\u010dno pregledate ovu stranicu kako biste saznali najnovije informacije o Politici privatnosti i Politici kola\u010di\u0107a. U svakom trenutku mo\u017eete da odbijete prihvatanje kola\u010dic\u0301a kori\u0161c\u0301enjem pode\u0161avanja internet pretra\u017eiva\u010da.<\/p><p>Ova politika kola\u010dic\u0301a je sastavni deo na\u0161e Politike privatnosti, a uslovi i definicije koje smo koristili u politici privatnosti imac\u0301e isto zna\u010denje u ovoj politici.<\/p><p><strong>Va\u0161e dalje kori\u0161c\u0301enje internet stranice predstavlja va\u0161u saglasnost sa pravilima ove Politike.<br \/><\/strong><strong><br \/>2. \u0160ta su kola\u010di\u0107i?<\/strong><\/p><p>Kola\u010dic\u0301 je mali tekstualni fajl koja se \u010duva u va\u0161em internet pretra\u017eiva\u010du i omoguc\u0301ava internet stranici, ili odre\u0111enoj trec\u0301oj strani da vas prepozna kao posetioca (ne kao specifi\u010dno odre\u0111enog pojedinca). Kola\u010dic\u0301i se mogu koristiti u svrhe omoguc\u0301avanja odre\u0111enih funkcija, pru\u017eanja analiti\u010dkih podataka, \u010duvanja pode\u0161avanja, omogu\u0107avanja prikaza oglasnih poruka, itd.<\/p><p>Kola\u010dic\u0301i mogu biti privremeni (kola\u010dic\u0301i odre\u0111ene sesije) ili trajni kola\u010dic\u0301i. Privremeni kola\u010dic\u0301i isti\u010du i bri\u0161u se automatski kada zatvorite internet pretra\u017eiva\u010d. Trajni kola\u010dic\u0301i ostac\u0301e snimljeni odre\u0111eno vreme, dok ne isteknu, odnosno dok ne obri\u0161ete kola\u010dic\u0301e iz pretra\u017eiva\u010da. Datumi isteka, odnosno\u00a0 trajanja su navedeni u samim kola\u010dic\u0301ima. Kola\u010dic\u0301i sme\u0161teni na internet stranici koju posec\u0301ujete nazivaju se \u201ekola\u010dic\u0301i prve strane\u201c, dok se kola\u010dic\u0301i koje postavljaju drugi subjekti nazivaju \u201ekola\u010dic\u0301i trec\u0301e strane\u201c.<\/p><p><b>3.\u00a0<\/b><span style=\"font-weight: bold;\">Koje kola\u010di\u0107e koristimo?<\/span><\/p><table width=\"647\"><tbody><tr><td width=\"123\"><strong>Kola\u010di\u0107<\/strong><\/td><td width=\"302\"><strong>Opis<\/strong><\/td><td width=\"115\"><strong>Trajanje<\/strong><\/td><td width=\"108\"><strong>Tip<\/strong><\/td><\/tr><tr><td width=\"123\">_ga<\/td><td width=\"302\">Ovaj kola\u010dic\u0301 je instalirao Google Analytics. Kola\u010dic\u0301 se koristi za izra\u010dunavanje podataka o posetiocima, sesiji, kampanji i prac\u0301enje kori\u0161c\u0301enja veb lokacije za analiti\u010dki izve\u0161taj veb lokacije. Kola\u010dic\u0301i \u010duvaju informacije anonimno i dodeljuju nasumi\u010dno generisan broj za identifikaciju jedinstvenih posetilaca.<\/td><td width=\"115\">2 godine<\/td><td width=\"108\">Analiti\u010dki<\/td><\/tr><tr><td width=\"123\">_gid<\/td><td width=\"302\">Ovaj kola\u010dic\u0301 je instalirao Google Analytics. Kola\u010dic\u0301 se koristi za \u010duvanje informacija o tome kako posetioci koriste veb lokaciju i poma\u017ee u kreiranju analiti\u010dkog izve\u0161taja o tome kako veb lokacija funkcioni\u0161e. Prikupljeni podaci uklju\u010duju broj posetilaca, izvor odakle dolaze i stranice koje su posetili u anonimnom obliku.<\/td><td width=\"115\">1 dan<\/td><td width=\"108\">Analiti\u010dki<\/td><\/tr><tr><td width=\"123\">_gat<\/td><td width=\"302\">Ove kola\u010dic\u0301 je instalirao je Google Universal Analytics kako bi regulisao zahteve za ograni\u010davanje prikupljanja podataka na veb lokacijama sa velikim prometom.<\/td><td width=\"115\">1 minut<\/td><td width=\"108\">Performanse<\/td><\/tr><tr><td width=\"123\">_gat_gtag_UA_154950730_1<\/td><td width=\"302\">Google koristi ovaj kola\u010dic\u0301 da bi razlikovao korisnike.<\/td><td width=\"115\">1 minut<\/td><td width=\"108\">Analiti\u010dki<\/td><\/tr><tr><td width=\"123\">_fbp<\/td><td width=\"302\">Ovaj kola\u010dic\u0301 postavlja Facebook da isporu\u010duje oglase kada se nalaze na Facebook-u ili digitalnoj platformi koja se pokrec\u0301e Facebook ogla\u0161avanjem nakon posete ovoj veb lokaciji.<\/td><td width=\"115\">2 meseca<\/td><td width=\"108\">Reklamni<\/td><\/tr><tr><td width=\"123\">fr<\/td><td width=\"302\">Kola\u010dic\u0301 je postavio Facebook radi prikazivanja relevantnih reklama korisnicima i\u00a0 merenja i pobolj\u0161anja oglasa. Kola\u010dic\u0301 tako\u0111e prati pona\u0161anje korisnika \u0161irom veba na veb lokacijama koje imaju Facebook pixel ili Facebook social plugin.<\/td><td width=\"115\">2 meseca<\/td><td width=\"108\">Reklamni<\/td><\/tr><tr><td width=\"123\">NID<\/td><td width=\"302\">Ovaj kola\u010dic\u0301 koristi se na profilu na osnovu interesovanja korisnika i korisnicima prikazuje personalizovane oglase.<\/td><td width=\"115\">6 meseci<\/td><td width=\"108\">Reklamni<\/td><\/tr><\/tbody><\/table><p><strong>\u00a04.\u00a0<\/strong><strong>U ko<u>j<\/u>e svrhe se koriste kola\u010di\u0107i?<\/strong><\/p><p>Kada pristupite internet stranici, web portal Podcast.rs ili tre\u0107a strana mogu smestiti neke od kola\u010di\u0107a u va\u0161 internet pretra\u017eiva\u010d, ukoliko ste im to omogu\u0107ili. Neki kola\u010di\u0107i koriste se samo ukoliko koristite odre\u0111ene mogu\u0107nosti internet stranice, odnosno ukoliko odaberete odre\u0111ena pode\u0161avanja, dok se neki kola\u010di\u0107i mogu koristiti du\u017ei vremenski period.<\/p><p>Svaki kola\u010di\u0107 koristi se za posebne svrhe:<\/p><ul><li>Esencijalni kola\u010di\u0107i: Ovi \u201ckola\u010di\u0107i prve strane\u201d mogu se koristiti kako bi se omogu\u0107ilo korisniku da koristi odre\u0111ene funkcije internet stranice (npr. da ostane ulogovan \u2013 <em>logged-in<\/em>)<\/li><li>Kola\u010di\u0107i analitike: Ovi kola\u010di\u0107i prate informacije o tome kako se internet stranica koristi, u cilju pobolj\u0161anja performansi. Tako\u0111e, ovi kola\u010di\u0107i se mogu koristiti za testiranje novih funkcija, stranica ili mogu\u0107nosti i uvida u to kako korisnici reaguju na novitete. Kola\u010di\u0107i analitike mogu biti \u201ckola\u010di\u0107i prve strane\u201d ili \u201ckola\u010di\u0107i tre\u0107e strane\u201d.<\/li><\/ul><p><b>5.<\/b>\u00a0<span style=\"font-weight: bold;\">Kako tre\u0107e strane koriste kola\u010di\u0107e<\/span><\/p><p>Tre\u0107e strane koriste informacije iz kola\u010di\u0107a na anonimnoj bazi (podaci korisnika su anonimizovani), u cilju boljeg razumevanja aktivnosti korisnika na internet stranici.<\/p><p><b>6.\u00a0Opcije vezane za kola\u010di\u0107e<\/b><\/p><p>Ako ne \u017eelite da dopustite neke odre\u0111ene vrste kola\u010di\u0107a, ili kola\u010di\u0107e generalno, mo\u017eete promeniti pode\u0161avanja internet pretra\u017eiva\u010da da biste izbrisali kola\u010dic\u0301e koji su vec\u0301 postavljeni kao i da ne prihvataju nove kola\u010dic\u0301e. Vi\u0161e informacija o navedenim opcijama potra\u017eite u odeljku \u201cPomo\u0107\u201d ili \u201cPode\u0161avanja\u201d va\u0161eg internet pretra\u017eiva\u010da. Imajte u vidu da, ukoliko obri\u0161ete kola\u010di\u0107e, ili ih ne prihvatite, postoji mogu\u0107nost da nec\u0301ete moc\u0301i da koristite sve funkcije internet stranice koje su dostupne, kao i da sa\u010duvate svoja pode\u0161avanja, te da neke internet stranice mo\u017eda nec\u0301e biti prikazane pravilno. Tako\u0111e, mo\u017eete isklju\u010diti kola\u010dic\u0301e trec\u0301e strane sledec\u0301i uputstva koja pru\u017ea svaka trec\u0301a strana u svojoj Politici privatnosti.<\/p><p><b>7.<\/b>\u00a0<span style=\"font-weight: bold;\">Kako uklju\u010diti i isklju\u010diti kola\u010di\u0107e uz pomo\u0107 internet pretra\u017eiva\u010da<\/span><\/p><p><strong>Google Chrome<\/strong><\/p><p>Kliknite ikonicu klju\u010da na traci sa alatkama pretra\u017eiva\u010da &gt;&gt; Izaberite Pode\u0161avanja &gt; Kliknite \u201ePrika\u017ei napredna pode\u0161avanja\u201c &gt; U odeljku \u201ePrivatnost\u201c kliknite na dugme \u201ePode\u0161avanja sadr\u017eaja\u201c. Da biste omoguc\u0301ili kola\u010dic\u0301e u odeljku \u201eKola\u010dic\u0301i\u201c, izaberite \u201eDopusti postavljanje lokalnih podataka\u201c, to c\u0301e omoguc\u0301iti i kola\u010dic\u0301e prve i trec\u0301e strane. Da biste dozvolili samo kola\u010dic\u0301e prve strane izaberite \u201eBlokiraj sve kola\u010dic\u0301e trec\u0301e strane bez izuzetka\u201c. Da biste onemoguc\u0301ili kola\u010dic\u0301e, u odeljku \u201eKola\u010dic\u0301i\u201c izaberite \u201eBlokiraj veb lokacije u pode\u0161avanju bilo kakvih podataka\u201c. Imajte naumu da u Chrome-u postoje razli\u010diti nivoi omoguc\u0301avanja i onemoguc\u0301avanja kola\u010dic\u0301a. Vi\u0161e informacija o ostalim pode\u0161avanjima kola\u010dic\u0301a koji se nude u Chrome-u potra\u017eite na sledec\u0301oj stranici od Google-a: <a href=\"http:\/\/support.google.com\/ chrome\/bin\/answer.pi?hl=sr&amp;ansver=95647\" data-wplink-url-error=\"true\">http:\/\/support.google.com\/ chrome\/bin\/answer.pi?hl=sr&amp;ansver=95647<\/a><\/p><p><strong>Microsoft Internet Explorer 6.0, 7.0, 8.0<\/strong><\/p><p>Kliknite na \u201eAlatke\u201c na vrhu prozora pregleda\u010da i odaberite \u201eInternet Options\u201c &gt; U prozoru opcija idite na karticu \u201ePrivacy\u201c. Da biste omoguc\u0301ili kola\u010dic\u0301e: Podesite kliza\u010d na \u201eSrednje\u201c ili ispod. Da biste onemoguc\u0301ili kola\u010dic\u0301e: Pomerite kliza\u010d na vrh da biste blokirali sve kola\u010dic\u0301e. Imajte u vidu da u Explorer-u postoje razni nivoi omoguc\u0301avanja i onemoguc\u0301avanja kola\u010dic\u0301a. Za vi\u0161e informacija o ostalim pode\u0161avanjima kola\u010dic\u0301a u programu Internet Explorer pogledajte sledec\u0301u stranicu kompanije Microsoft: <a href=\"http:\/\/windows.microsoft.com\/en-GB\/windows-vista\/Block-or-allow-cookies\">http:\/\/windows.microsoft.com\/en-GB\/windows-vista\/Block-or-allow-cookies<\/a>.<\/p><p><strong>Microsoft Edge<\/strong><\/p><p>Kliknite na dugme \u201cVi\u0161e radnji\u201d na alatnoj traci i izaberite Pode\u0161avanja &gt; Tra\u017eite Prika\u017ei napredna pode\u0161avanja i kliknite na njih &gt; U odeljku \u201eKola\u010dic\u0301i\u201c izaberite \u201cNe blokiraj kola\u010dic\u0301e (podrazumevano)\u201d, Blokirajte samo kola\u010dic\u0301e trec\u0301e strane&gt; Restart Edge.<\/p><p><strong>Mozilla Firefox<\/strong><\/p><p>Kliknite na \u201eAlatke\u201c u meniju pregleda\u010da i izaberite \u201eOpcije\u201c &gt;&gt; Izaberite panel privatnosti. Da biste omoguc\u0301ili kola\u010dic\u0301e: Ozna\u010dite \u201ePrihvati kola\u010dic\u0301e za veb lokacije\u201c Da biste onemoguc\u0301ili kola\u010dic\u0301e: Poni\u0161tite oznaku \u201ePrihvati kola\u010dic\u0301e za veb lokacije\u201c. Imajte u vidu da postoje razli\u010diti nivoi omoguc\u0301avanja i onemoguc\u0301avanja kola\u010dic\u0301a u Firefoksu. Za vi\u0161e informacija pogledajte sledec\u0301u stranicu iz Mozilla: <a href=\"http:\/\/support.mozilla.org\/en-US\/kb\/Enabling% 20and% 20disabling%20cookies\" data-wplink-url-error=\"true\">http:\/\/support.mozilla.org\/en-US\/kb\/Enabling% 20and% 20disabling%20cookies<\/a><\/p><p><strong>Opera<\/strong><\/p><p>Kliknite na \u201ePode\u0161avanje\u201c u meniju pregleda\u010da i izaberite \u201ePode\u0161avanja\u201c &gt;&gt; Izaberite \u201eBrze postavke\u201c. Da biste omoguc\u0301ili kola\u010dic\u0301e: potvrdite \u201eOmoguc\u0301i kola\u010dic\u0301e\u201c. Da biste onemoguc\u0301ili kola\u010dic\u0301e: poni\u0161tite izbor \u201eOmoguc\u0301i kola\u010dic\u0301e\u201c. Imajte na umu da u okviru programa Opera postoje razli\u010diti nivoi omoguc\u0301avanja i onemoguc\u0301avanja kola\u010dic\u0301a. Za vi\u0161e informacija o ostalim pode\u0161avanjima kola\u010dic\u0301a koji se nude u Operi, pogledajte sledec\u0301u stranicu programa Opere: <a href=\"http:\/\/www.opera.com\/browser\/tutorials\/security\/privacy\">http:\/\/www.opera.com\/browser\/tutorials\/security\/privacy<\/a>.<\/p><p><strong>Safari na OSX<\/strong><\/p><p>Kliknite na \u201eSafari\u201c na traci sa menijima i odaberite opciju \u201ePreferences\u201c &gt; Kliknite na \u201eSecurity\u201c. Da biste omoguc\u0301ili kola\u010dic\u0301e: U odeljku \u201eAccept cookies\u201c izaberite \u201eOnly from site you navigate to\u201c. Da biste onemoguc\u0301ili kola\u010dic\u0301e: U delu \u201ePrihvati kola\u010dic\u0301e\u201c odaberite \u201eNikad\u201c Imajte u vidu da u Safariju postoje razni nivoi omoguc\u0301avanja i onemoguc\u0301avanja kola\u010dic\u0301a. Za vi\u0161e informacija o ostalim pode\u0161avanjima kola\u010dic\u0301a ponu\u0111enih na Safariju, pogledajte sledec\u0301u stranicu kompanije Apple: <a href=\"https:\/\/support.apple.com\/en-us\/guide\/safari\/sfri11471\/mac\">https:\/\/support.apple.com\/en-us\/guide\/safari\/sfri11471\/mac<\/a>.<\/p><p><strong>Ostali internet pretra\u017eiva\u010di<\/strong><\/p><p>Za kontrolu kola\u010di\u0107a, pogledajte dostupne opcije ili \u201cPomo\u0107\u201d u okviru svakog pretra\u017eiva\u010da.\u00a0<\/p>\t\t\t\t\t\t\t\t<\/div>\n\t\t\t\t<\/div>\n\t\t\t\t<div class=\"elementor-element elementor-element-daf3348 elementor-widget elementor-widget-spacer\" data-id=\"daf3348\" data-element_type=\"widget\" data-e-type=\"widget\" data-widget_type=\"spacer.default\">\n\t\t\t\t<div class=\"elementor-widget-container\">\n\t\t\t\t\t\t\t<div class=\"elementor-spacer\">\n\t\t\t<div class=\"elementor-spacer-inner\"><\/div>\n\t\t<\/div>\n\t\t\t\t\t\t<\/div>\n\t\t\t\t<\/div>\n\t\t\t\t\t<\/div>\n\t\t<\/div>\n\t\t\t\t\t<\/div>\n\t\t<\/section>\n\t\t\t\t<\/div>","protected":false},"excerpt":{"rendered":"<p>Politika privatnosti web portala Podcast.rs 1. Uvodne odredbe Ovom Politikom privatnosti ure\u0111uje se prikupljanje i obrada podataka u okviru web portala Podcast.rs.Izrazi upotrebljeni u okviru ove Politike imaju zna\u010denja propisana va\u017ee\u0107im Zakonom o za\u0161titi podataka o li\u010dnosti ((&#8222;Sl. glasnik RS&#8220;, br. 87\/2018), u daljem tekstu: ZZPL), a u slu\u010daju potrebe i drugim zakonima koji ure\u0111uju&#8230;<\/p>","protected":false},"author":1,"featured_media":0,"parent":0,"menu_order":0,"comment_status":"closed","ping_status":"closed","template":"","meta":{"footnotes":""},"class_list":["post-3789","page","type-page","status-publish","hentry"],"_links":{"self":[{"href":"https:\/\/podcast.rs\/en\/wp-json\/wp\/v2\/pages\/3789","targetHints":{"allow":["GET"]}}],"collection":[{"href":"https:\/\/podcast.rs\/en\/wp-json\/wp\/v2\/pages"}],"about":[{"href":"https:\/\/podcast.rs\/en\/wp-json\/wp\/v2\/types\/page"}],"author":[{"embeddable":true,"href":"https:\/\/podcast.rs\/en\/wp-json\/wp\/v2\/users\/1"}],"replies":[{"embeddable":true,"href":"https:\/\/podcast.rs\/en\/wp-json\/wp\/v2\/comments?post=3789"}],"version-history":[{"count":1,"href":"https:\/\/podcast.rs\/en\/wp-json\/wp\/v2\/pages\/3789\/revisions"}],"predecessor-version":[{"id":637157,"href":"https:\/\/podcast.rs\/en\/wp-json\/wp\/v2\/pages\/3789\/revisions\/637157"}],"wp:attachment":[{"href":"https:\/\/podcast.rs\/en\/wp-json\/wp\/v2\/media?parent=3789"}],"curies":[{"name":"wp","href":"https:\/\/api.w.org\/{rel}","templated":true}]}}